{"id":744,"date":"2024-10-09T20:17:27","date_gmt":"2024-10-09T20:17:27","guid":{"rendered":"https:\/\/www.oil.aaamin.com\/?page_id=744"},"modified":"2025-04-17T06:43:05","modified_gmt":"2025-04-17T06:43:05","slug":"terms-conditions","status":"publish","type":"page","link":"https:\/\/www.aziendaprincipato.com\/en\/terms-conditions\/","title":{"rendered":"Termini &amp; Condizioni"},"content":{"rendered":"<div data-elementor-type=\"wp-page\" data-elementor-id=\"744\" class=\"elementor elementor-744\" data-elementor-post-type=\"page\">\n\t\t\t\t<div class=\"elementor-element elementor-element-229e4c3 e-con-full e-flex e-con e-child\" data-id=\"229e4c3\" data-element_type=\"container\" data-settings=\"{&quot;background_background&quot;:&quot;classic&quot;}\">\n\t\t\t\t<div class=\"elementor-element elementor-element-f181b3e elementor-widget elementor-widget-heading\" data-id=\"f181b3e\" data-element_type=\"widget\" data-widget_type=\"heading.default\">\n\t\t\t\t<div class=\"elementor-widget-container\">\n\t\t\t\t\t<h1 class=\"elementor-heading-title elementor-size-default\">Terms &amp; Conditions<\/h1>\t\t\t\t<\/div>\n\t\t\t\t<\/div>\n\t\t\t\t<div class=\"elementor-element elementor-element-7e91355 elementor-hidden-tablet elementor-hidden-mobile elementor-widget-divider--view-line elementor-widget elementor-widget-divider\" data-id=\"7e91355\" data-element_type=\"widget\" data-widget_type=\"divider.default\">\n\t\t\t\t<div class=\"elementor-widget-container\">\n\t\t\t\t\t\t\t<div class=\"elementor-divider\">\n\t\t\t<span class=\"elementor-divider-separator\">\n\t\t\t\t\t\t<\/span>\n\t\t<\/div>\n\t\t\t\t\t\t<\/div>\n\t\t\t\t<\/div>\n\t\t\t\t<\/div>\n\t\t<div class=\"elementor-element elementor-element-ff6a3d0 e-flex e-con-boxed e-con e-parent\" data-id=\"ff6a3d0\" data-element_type=\"container\">\n\t\t\t\t\t<div class=\"e-con-inner\">\n\t\t\t\t<div class=\"elementor-element elementor-element-51d2d55 elementor-widget elementor-widget-text-editor\" data-id=\"51d2d55\" data-element_type=\"widget\" data-widget_type=\"text-editor.default\">\n\t\t\t\t<div class=\"elementor-widget-container\">\n\t\t\t\t\t\t\t\t\t<p>\u00a0<\/p><p><strong>Azienda Agricola Principato Bernardo<\/strong>, con sede legale a Catanzaro, Via Bucciarelli, 49 \u2013 CAP 88100, e sede operativa a Soveria Simeri (CZ), Via Magna Grecia, 22, in qualit\u00e0 di titolare del trattamento dei dati personali ai sensi del d. lgs. 196\/2003 e successive modifiche \u2013 Codice in materia di protezione dei dati personali (\u201cCodice della Privacy\u201d) \u2013 e del Regolamento UE 679\/2016 applicabile dal 25 maggio 2018 \u2013 Regolamento Generale sulla Protezione dei Dati (\u201cRGPD\u201d) (di seguito, Codice della Privacy e RGPD sono collettivamente indicati come \u201cNormativa Applicabile\u201d) invita i propri clienti, prima di comunicare qualsiasi dato personale, a leggere attentamente questa privacy policy (\u201cPrivacy Policy\u201d), in quanto contiene informazioni importanti sulla protezione dei dati personali e sulle misure di sicurezza adottate per garantire la riservatezza in pieno rispetto della legislazione applicabile. La Privacy Policy: \u00e8 destinata esclusivamente al sito \u201c<a href=\"http:\/\/www.comparini\/\">www.comparini<\/a> -\u2026.\u201d (\u201cSito\u201d), mentre non si applica ad altri siti web che possono essere consultati tramite link esterni; \u00e8 da intendersi come una Informativa ai sensi dell&#8217;art. 13 della Normativa Applicabile per coloro che interagiscono con il Sito; \u00e8 conforme alla Raccomandazione n. 2\/2001 riguardante i requisiti minimi per la raccolta dei dati online nell&#8217;Unione Europea, adottata il 17 maggio 2001 dal Gruppo di Lavoro Articolo 29.<\/p><p>Azienda Agricola Principato Bernardo informa che il trattamento dei tuoi dati personali si baser\u00e0 sui principi di liceit\u00e0, correttezza, trasparenza, limitazione delle finalit\u00e0 e conservazione, minimizzazione dei dati, esattezza, integrit\u00e0 e riservatezza. I tuoi dati personali saranno pertanto trattati in conformit\u00e0 con la legislazione applicabile e con gli obblighi di riservatezza previsti.<\/p><h3>1. Titolare del trattamento<\/h3><p>In base alla Normativa Applicabile, il titolare del trattamento dei dati del sito \u00e8 Azienda Agricola Principato Bernardo.<\/p><h3>2. Dati personali oggetto di trattamento<\/h3><p>I \u201cDati Personali\u201d sono qualsiasi informazione riguardante una persona fisica identificata o identificabile, con particolare riferimento a un identificativo come nome, numero di identificazione, dati relativi alla posizione, un identificativo online, o uno o pi\u00f9 elementi caratteristici della sua identit\u00e0 fisica, fisiologica, mentale, economica, culturale o sociale.<\/p><p>I Dati Personali raccolti dal Sito sono i seguenti:<\/p><p><strong>Dati di navigazione<\/strong><\/p><p>I sistemi del Sito raccolgono alcune informazioni personali la cui trasmissione \u00e8 implicita nell&#8217;uso dei protocolli di comunicazione di Internet. Queste informazioni non vengono raccolte per essere associate a te, ma, per loro stessa natura, potrebbero, tramite elaborazione e associazione con dati detenuti da terzi, consentire di identificarti. Tra questi ci sono gli indirizzi IP o i nomi di dominio dei dispositivi utilizzati per connettersi al sito, l&#8217;URI (Uniform Resource Identifier) delle risorse richieste, l&#8217;orario della richiesta, il metodo utilizzato per inviare la richiesta al server, la dimensione del file ottenuto in risposta, il codice numerico che indica lo stato della risposta fornita dal server (successo, errore, ecc.) e altri parametri relativi al sistema operativo e all&#8217;ambiente informatico.<\/p><p><strong>Dati forniti volontariamente<\/strong><\/p><p>Attraverso il sito hai la possibilit\u00e0 di fornire volontariamente Dati Personali come nome e indirizzo e-mail per contattare \u201cAzienda Agricola Principato Bernardo\u201d tramite il modulo \u201cContattaci\u201d o per iscriverti al servizio di newsletter. Azienda Agricola Principato Bernardo tratter\u00e0 questi dati in conformit\u00e0 con la Normativa Applicabile, supponendo che si riferiscano a te o a terzi che ti hanno espressamente autorizzato a fornirli sulla base di una legittima base giuridica che legittima il trattamento dei dati in questione. In relazione a tali ipotesi, Azienda Agricola Principato Bernardo \u00e8 titolare autonomo del trattamento e assume tutti gli obblighi e le responsabilit\u00e0 previste dalla legge. A tal proposito, conferisce il pi\u00f9 ampio indennizzo in relazione a qualsiasi controversia, reclamo, richiesta di risarcimento danni da trattamento, ecc. I moduli ricevuti da terzi riguardanti i Dati Personali trattati tramite l&#8217;uso del Sito in violazione della Normativa Applicabile.<\/p><p><strong>Cookie e tecnologie simili<\/strong><\/p><p><strong>Tipologie di cookie utilizzati dal sito e possibilit\u00e0 di disabilitarli.<\/strong><\/p><p><strong>Cosa sono i cookie<\/strong><\/p><p>Un cookie \u00e8 un semplice file di testo che viene memorizzato sul computer o dispositivo mobile dell&#8217;utente dal server di un sito web e che pu\u00f2 essere letto o recuperato dallo stesso server. Contiene alcune informazioni e consente al sito di ricordare, ad esempio, le preferenze dell&#8217;utente. La Direttiva sulle Comunicazioni Elettroniche e il Provvedimento del Garante della Privacy dell&#8217;8 maggio 2014, n. 229, su \u201cIdentificazione delle procedure semplificate per l&#8217;informativa e l&#8217;acquisizione del consenso per l&#8217;uso dei cookie\u201d, prevedono che l&#8217;uso dei cookie possa essere ammesso solo previo consenso dell&#8217;utente.<\/p><p><strong>Perch\u00e9 utilizziamo i cookie<\/strong><\/p><p>Cerchiamo sempre di migliorare il nostro sito e renderlo pi\u00f9 semplice per te per conoscere i nostri servizi e migliorare l&#8217;esperienza di visita sul nostro sito web. Per fare ci\u00f2, \u00e8 importante per noi capire come usi il nostro sito. Alcuni dei cookie che utilizziamo sono cookie di sessione, che scompaiono quando chiudi il tuo browser, mentre altri sono cookie persistenti che rimangono memorizzati pi\u00f9 a lungo sul tuo computer.<\/p><p><strong>Tipologie di Cookie utilizzati<\/strong><\/p><p><em>Cookie tecnici:<\/em><\/p><ul><li><p><strong>Cookie di funzionalit\u00e0<\/strong>: sono utilizzati per fornire servizi o ricordare impostazioni. Permettono all&#8217;utente di navigare in base a una serie di criteri selezionati. Utilizziamo i cookie funzionali per i seguenti scopi:<\/p><ol><li><p>Consentire la navigazione in base a una serie di criteri selezionati.<\/p><\/li><li><p>Per l&#8217;installazione di questi cookie non \u00e8 necessario il consenso preventivo dell&#8217;utente.<\/p><\/li><\/ol><\/li><\/ul><p><em>Cookie analitici<\/em><br \/>Vengono trattati come cookie tecnici quando utilizzati direttamente dal gestore del sito per raccogliere informazioni, in forma aggregata, sul numero di utenti e su come visitano il sito. Questi cookie raccolgono informazioni su come viene utilizzato un sito web e consentono al proprietario di un sito di avere una conoscenza migliore dei suoi utenti e di migliorare il funzionamento del sito stesso (ad esempio: le pagine visitate, eventuali errori che potrebbero verificarsi, il calcolo degli utenti che utilizzano i servizi per garantire la capacit\u00e0 necessaria per una navigazione veloce).<br \/>Questi cookie sono gestiti da terze parti per nostro conto (ad esempio, Google Analytics).<\/p><p><strong>Cookie di terze parti<\/strong><\/p><p>I \u201ccookie di terze parti\u201d sono legati a servizi forniti da terzi, come il pulsante \u2018Mi piace\u2019 e \u2018Condividi\u2019. Il terzo fornisce questi servizi in cambio di informazioni riguardanti la visita dell&#8217;utente al nostro sito. Tieni presente che queste terze parti, elencate qui sotto con i link corrispondenti alle loro politiche sulla privacy e ai meccanismi di opt-out, trattano i tuoi Dati Personali come titolari del trattamento per conto di Azienda Agricola Principato Bernardo. L\u2019obbligo di conformarsi alla legislazione pertinente spetta ai fornitori di cookie di terze parti. Per questo motivo, ti rimandiamo ai link delle pagine web del sito di terze parti, dove l&#8217;utente potr\u00e0 trovare i moduli di consenso per i cookie e le relative informazioni.<\/p><h3>3. Finalit\u00e0, base giuridica e natura obbligatoria o facoltativa del trattamento<\/h3><p>I Dati Personali che fornirai attraverso il Sito saranno trattati per le seguenti finalit\u00e0: a) finalit\u00e0 relative all&#8217;esecuzione di un contratto di cui sei parte o all&#8217;esecuzione di misure precontrattuali adottate su tua richiesta; a.a) attivit\u00e0 promozionali per prodotti realizzati \/ commercializzati \/ distribuiti da Azienda Agricola Principato Bernardo. b) finalit\u00e0 di ricerca\/analisi statistica dei dati aggregati o anonimi, senza possibilit\u00e0 di identificare l&#8217;utente, volte a misurare il funzionamento del Sito, misurare il traffico e valutare la fruibilit\u00e0 e l&#8217;interesse; c) finalit\u00e0 relative all&#8217;adempimento di un obbligo legale a cui \u00e8 soggetto il titolare del trattamento; d) finalit\u00e0 necessarie per l\u2019instaurazione, l\u2019esercizio o la difesa di un diritto in sede giudiziaria o ogni qualvolta le autorit\u00e0 giurisdizionali esercitano le loro funzioni.<\/p><h3>4. Destinatari<\/h3><p>I tuoi Dati Personali possono essere condivisi, per le finalit\u00e0 indicate al punto 3, con: a) societ\u00e0<\/p><p>operanti nella preparazione \/ distribuzione \/ trasporto di prodotti alimentari; societ\u00e0 di comunicazione che possono eseguire servizi di invio e-mail per la promozione dei prodotti commercializzati da Azienda Agricola Principato Bernardo.<\/p><h3>5. Trasferimenti<\/h3><p>I tuoi dati non saranno trasferiti a destinatari situati fuori dalla Regione Economica Europea.<\/p><h3>6. Conservazione dei dati<\/h3><p>I dati sono conservati per il tempo necessario alla gestione del rapporto con l\u2019interessato, fermo restando che dopo 10 anni dalla cessazione del rapporto con il cliente, i dati vengono cancellati.<\/p><h3>7. I tuoi diritti<\/h3><p>Nel rispetto della Normativa Applicabile, hai il diritto di chiedere a Azienda Agricola Principato Bernardo, in qualsiasi momento, l&#8217;accesso ai tuoi Dati Personali, la loro rettifica o cancellazione, o di opporti al loro trattamento, limitarne il trattamento e ottenere i dati che ti riguardano in formato strutturato, di uso comune e leggibile da dispositivo automatico.<\/p><h3>8. Modifiche<\/h3><p>Questa Privacy Policy \u00e8 in vigore dal 27 giugno 2018. Azienda Agricola Principato Bernardo si riserva il diritto di modificare o aggiornare il contenuto, in tutto o in parte, anche a causa di modifiche alla Normativa Applicabile che verranno pubblicate sul sito e diventeranno vincolanti. Azienda Agricola Principato Bernardo ti invita pertanto a visitare regolarmente il sito per essere sempre aggiornato sui dati raccolti e sul loro utilizzo.<\/p>\t\t\t\t\t\t\t\t<\/div>\n\t\t\t\t<\/div>\n\t\t\t\t\t<\/div>\n\t\t\t\t<\/div>\n\t\t\t\t<\/div>","protected":false},"excerpt":{"rendered":"<p>Terms &amp; Conditions \u00a0 Azienda Agricola Principato Bernardo, con sede legale a Catanzaro, Via Bucciarelli, 49 \u2013 CAP 88100, e sede operativa a Soveria Simeri (CZ), Via Magna Grecia, 22, in qualit\u00e0 di titolare del trattamento dei dati personali ai sensi del d. lgs. 196\/2003 e successive modifiche \u2013 Codice in materia di protezione dei [&hellip;]<\/p>","protected":false},"author":1,"featured_media":0,"parent":0,"menu_order":0,"comment_status":"closed","ping_status":"closed","template":"","meta":{"site-sidebar-layout":"no-sidebar","site-content-layout":"page-builder","ast-site-content-layout":"full-width-container","site-content-style":"default","site-sidebar-style":"default","ast-global-header-display":"","ast-banner-title-visibility":"","ast-main-header-display":"","ast-hfb-above-header-display":"","ast-hfb-below-header-display":"","ast-hfb-mobile-header-display":"","site-post-title":"disabled","ast-breadcrumbs-content":"","ast-featured-img":"disabled","footer-sml-layout":"","ast-disable-related-posts":"","theme-transparent-header-meta":"","adv-header-id-meta":"","stick-header-meta":"","header-above-stick-meta":"","header-main-stick-meta":"","header-below-stick-meta":"","astra-migrate-meta-layouts":"set","ast-page-background-enabled":"default","ast-page-background-meta":{"desktop":{"background-color":"var(--ast-global-color-4)","background-image":"","background-repeat":"repeat","background-position":"center center","background-size":"auto","background-attachment":"scroll","background-type":"","background-media":"","overlay-type":"","overlay-color":"","overlay-opacity":"","overlay-gradient":""},"tablet":{"background-color":"","background-image":"","background-repeat":"repeat","background-position":"center center","background-size":"auto","background-attachment":"scroll","background-type":"","background-media":"","overlay-type":"","overlay-color":"","overlay-opacity":"","overlay-gradient":""},"mobile":{"background-color":"","background-image":"","background-repeat":"repeat","background-position":"center center","background-size":"auto","background-attachment":"scroll","background-type":"","background-media":"","overlay-type":"","overlay-color":"","overlay-opacity":"","overlay-gradient":""}},"ast-content-background-meta":{"desktop":{"background-color":"var(--ast-global-color-5)","background-image":"","background-repeat":"repeat","background-position":"center center","background-size":"auto","background-attachment":"scroll","background-type":"","background-media":"","overlay-type":"","overlay-color":"","overlay-opacity":"","overlay-gradient":""},"tablet":{"background-color":"var(--ast-global-color-5)","background-image":"","background-repeat":"repeat","background-position":"center center","background-size":"auto","background-attachment":"scroll","background-type":"","background-media":"","overlay-type":"","overlay-color":"","overlay-opacity":"","overlay-gradient":""},"mobile":{"background-color":"var(--ast-global-color-5)","background-image":"","background-repeat":"repeat","background-position":"center center","background-size":"auto","background-attachment":"scroll","background-type":"","background-media":"","overlay-type":"","overlay-color":"","overlay-opacity":"","overlay-gradient":""}},"footnotes":""},"class_list":["post-744","page","type-page","status-publish","hentry"],"_links":{"self":[{"href":"https:\/\/www.aziendaprincipato.com\/en\/wp-json\/wp\/v2\/pages\/744","targetHints":{"allow":["GET"]}}],"collection":[{"href":"https:\/\/www.aziendaprincipato.com\/en\/wp-json\/wp\/v2\/pages"}],"about":[{"href":"https:\/\/www.aziendaprincipato.com\/en\/wp-json\/wp\/v2\/types\/page"}],"author":[{"embeddable":true,"href":"https:\/\/www.aziendaprincipato.com\/en\/wp-json\/wp\/v2\/users\/1"}],"replies":[{"embeddable":true,"href":"https:\/\/www.aziendaprincipato.com\/en\/wp-json\/wp\/v2\/comments?post=744"}],"version-history":[{"count":4,"href":"https:\/\/www.aziendaprincipato.com\/en\/wp-json\/wp\/v2\/pages\/744\/revisions"}],"predecessor-version":[{"id":1176,"href":"https:\/\/www.aziendaprincipato.com\/en\/wp-json\/wp\/v2\/pages\/744\/revisions\/1176"}],"wp:attachment":[{"href":"https:\/\/www.aziendaprincipato.com\/en\/wp-json\/wp\/v2\/media?parent=744"}],"curies":[{"name":"wp","href":"https:\/\/api.w.org\/{rel}","templated":true}]}}